{"id":2374,"date":"2024-03-21T08:30:30","date_gmt":"2024-03-21T08:30:30","guid":{"rendered":"https:\/\/kinderhaus-bilk.de\/?page_id=2374"},"modified":"2026-01-03T22:35:16","modified_gmt":"2026-01-03T22:35:16","slug":"elterninitiative","status":"publish","type":"page","link":"https:\/\/kinderhaus-bilk.de\/?page_id=2374","title":{"rendered":"Elterninitiative"},"content":{"rendered":"<p><div class=\"fusion-fullwidth fullwidth-box fusion-builder-row-1 fusion-flex-container has-pattern-background has-mask-background nonhundred-percent-fullwidth non-hundred-percent-height-scrolling\" style=\"--awb-border-radius-top-left:0px;--awb-border-radius-top-right:0px;--awb-border-radius-bottom-right:0px;--awb-border-radius-bottom-left:0px;--awb-flex-wrap:wrap;\" ><div class=\"fusion-builder-row fusion-row fusion-flex-align-items-flex-start fusion-flex-content-wrap\" style=\"max-width:1470px;margin-left: calc(-5% \/ 2 );margin-right: calc(-5% \/ 2 );\"><div class=\"fusion-layout-column fusion_builder_column fusion-builder-column-0 fusion_builder_column_1_1 1_1 fusion-flex-column\" style=\"--awb-bg-size:cover;--awb-width-large:100%;--awb-margin-top-large:0px;--awb-spacing-right-large:2.375%;--awb-margin-bottom-large:20px;--awb-spacing-left-large:2.375%;--awb-width-medium:100%;--awb-order-medium:0;--awb-spacing-right-medium:2.375%;--awb-spacing-left-medium:2.375%;--awb-width-small:100%;--awb-order-small:0;--awb-spacing-right-small:2.375%;--awb-spacing-left-small:2.375%;\" data-scroll-devices=\"small-visibility,medium-visibility,large-visibility\"><div class=\"fusion-column-wrapper fusion-column-has-shadow fusion-flex-justify-content-space-evenly fusion-content-layout-column\"><div class=\"fusion-title title fusion-title-1 fusion-sep-none fusion-title-text fusion-title-size-one\" style=\"--awb-margin-top-small:10px;--awb-margin-right-small:0px;--awb-margin-bottom-small:10px;--awb-margin-left-small:0px;\"><h1 class=\"fusion-title-heading title-heading-left fusion-responsive-typography-calculated\" style=\"margin:0;--fontSize:36;line-height:var(--awb-typography1-line-height);\"><h1>Unser Verein<\/h1><\/h1><\/div><div class=\"fusion-text fusion-text-1\"><p>Wir sind eine Elterninitiative. Das bedeutet, dass das Kinderhaus von dem aktiven Engagement der Elternschaft getragen wird und sich alle Eltern einbringen.<\/p>\n<p>Unser Dachverband ist der Parit\u00e4tische Wohlfahrtsverband, unser Tr\u00e4ger ist unser <b>gemeinsamer Verein Montessori Kinderhaus Bilk e.V. <\/b><\/p>\n<p>Unsere Elterninitiative ist ein <b>gemeinn\u00fctziger Verein<\/b> mit einem monatlichen <b>Vereinsbeitrag<\/b> pro Kind von 90 \u20ac. Das monatliche <b>Essensgeld<\/b> betr\u00e4gt 80 \u20ac.<\/p>\n<p>Unabh\u00e4ngig davon ist der <b>Elternbeitrag<\/b>, der sich nach Einkommen der Eltern, Alter der Kinder und dem Betreuungsaufwand richtet, an das Jugendamt zu bezahlen. Informationen finden Sie auf der Internetseite des Jugendamtes der Landeshauptstadt D\u00fcsseldorf.<\/p>\n<\/div><div class=\"fusion-text fusion-text-2\"><h2 class=\"fusion-responsive-typography-calculated\" style=\"--fontsize: 36; line-height: 1.2; color: #2c92d0;\" data-fontsize=\"36\" data-lineheight=\"43.2px\"><\/h2>\n<h2 class=\"fusion-responsive-typography-calculated\" style=\"--fontsize: 36; line-height: 1.2; color: #2c92d0;\" data-fontsize=\"36\" data-lineheight=\"43.2px\">Vorstand und Elternrat<\/h2>\n<p><b>Vorstand <\/b><\/p>\n<p>Der Vorstand vertritt den Verein und ist somit der Arbeitgebervertreter f\u00fcr unser Team. Er organisiert die Mitgliederveranstaltungen und ist das <b>beschlussfassende Gremium zwischen den Mitgliederversammlungen<\/b>. Der Vorstand repr\u00e4sentiert unseren Verein auch nach au\u00dfen. Die Mitglieder des Vorstandes werden auf der Mitgliederversammlung f\u00fcr zwei Jahre gew\u00e4hlt.<\/p>\n<p>Zur Zeit besteht der Vorstand aus f\u00fcnf Personen, deren Aufgabenfelder wie folgt aufgeteilt sind.<\/p>\n<p><b style=\"background-color: var(--awb-bg-color-medium-hover); color: var(--awb-text-color); font-family: var(--awb-text-font-family); font-size: var(--awb-font-size); font-style: var(--awb-text-font-style); letter-spacing: var(--awb-letter-spacing); text-align: var(--awb-content-alignment); text-transform: var(--awb-text-transform);\">Vorsitz:<\/b><\/p>\n<ul>\n<li><span style=\"color: var(--awb-text-color); font-family: var(--awb-text-font-family); font-size: var(--awb-font-size); font-style: var(--awb-text-font-style); font-weight: var(--awb-text-font-weight); letter-spacing: var(--awb-letter-spacing); text-align: var(--awb-content-alignment); text-transform: var(--awb-text-transform); background-color: var(--awb-bg-color-medium);\"><u>1. Vorsitz<\/u>: Christoph Pitsch<\/span><\/li>\n<li><span style=\"background-color: var(--awb-bg-color-medium-hover); color: var(--awb-text-color); font-family: var(--awb-text-font-family); font-size: var(--awb-font-size); font-style: var(--awb-text-font-style); font-weight: var(--awb-text-font-weight); letter-spacing: var(--awb-letter-spacing); text-align: var(--awb-content-alignment); text-transform: var(--awb-text-transform);\"><u>Aufgaben<\/u>: Koordination der Vereinsangelegenheiten<\/span><\/li>\n<\/ul>\n<p><b>Belegung: <\/b><\/p>\n<ul>\n<li><u>Vorstand Belegung \/ 2. Vorsitz<\/u>: Jessica Schwippert<\/li>\n<li><u>Aufgaben<\/u>: Aufnahme neuer Kinder<\/li>\n<\/ul>\n<p><b>Personal: <\/b><\/p>\n<ul>\n<li><u>Vorstand Personal<\/u>: Kaja Keldungs<\/li>\n<li><u>Aufgaben<\/u>: Neueinstellungen Kinderhaus, Schriftf\u00fchrer<\/li>\n<\/ul>\n<p><b>Finanzen: <\/b><\/p>\n<ul>\n<li><u>Vorstand Finanzen<\/u>: Sophie Schreyer<\/li>\n<li><u>Aufgaben<\/u>: Finanzplanung<\/li>\n<\/ul>\n<p><b>Sonstiges: <\/b><\/p>\n<ul>\n<li><u>Vorstand Sonstige Aufgaben<\/u>: Niklas Cursiefen<\/li>\n<li><u>Aufgaben<\/u>: Organisation &amp; Umsetzung verschiedener Projekte wie bspw. Umbau oder Renovierung<\/li>\n<\/ul>\n<p><b>\u00a0<\/b><\/p>\n<p><b>Elternrat <\/b><\/p>\n<p>Der Elternrat ist das <b>Bindeglied zwischen Team, Elternschaft und Vorstand<\/b>. Die Elternversammlung w\u00e4hlt die Mitglieder des Elternrats f\u00fcr zwei Jahre. Unser Elternrat besteht aus je zwei M\u00fcttern oder V\u00e4tern pro Gruppe.<\/p>\n<p>Ziel und Aufgabe des Elternrates ist die <b>Zusammenarbeit zwischen Eltern und MitarbeiterInnen zu best\u00e4rken <\/b>und zu beleben. Die Mitglieder des Elternrats treffen sich regelm\u00e4\u00dfig mit VertreterInnen des Teams und des Vorstands zu gemeinsamen Sitzungen, organisieren die Elternmitarbeit im Kinderhaus sowie gemeinsame Feiern.<\/p>\n<\/div><\/div><\/div><\/div><\/div><div class=\"fusion-fullwidth fullwidth-box fusion-builder-row-2 fusion-flex-container has-pattern-background has-mask-background nonhundred-percent-fullwidth non-hundred-percent-height-scrolling\" style=\"--awb-border-radius-top-left:0px;--awb-border-radius-top-right:0px;--awb-border-radius-bottom-right:0px;--awb-border-radius-bottom-left:0px;--awb-flex-wrap:wrap;\" ><div class=\"fusion-builder-row fusion-row fusion-flex-align-items-flex-start fusion-flex-content-wrap\" style=\"max-width:1470px;margin-left: calc(-5% \/ 2 );margin-right: calc(-5% \/ 2 );\"><div class=\"fusion-layout-column fusion_builder_column fusion-builder-column-1 fusion_builder_column_1_1 1_1 fusion-flex-column\" style=\"--awb-bg-size:cover;--awb-width-large:100%;--awb-margin-top-large:0px;--awb-spacing-right-large:2.375%;--awb-margin-bottom-large:20px;--awb-spacing-left-large:2.375%;--awb-width-medium:100%;--awb-order-medium:0;--awb-spacing-right-medium:2.375%;--awb-spacing-left-medium:2.375%;--awb-width-small:100%;--awb-order-small:0;--awb-spacing-right-small:2.375%;--awb-spacing-left-small:2.375%;\"><div class=\"fusion-column-wrapper fusion-column-has-shadow fusion-flex-justify-content-flex-start fusion-content-layout-column\"><div class=\"fusion-text fusion-text-3\"><h1 class=\"fusion-responsive-typography-calculated\" style=\"--fontsize: 40; line-height: 1.2;\" data-fontsize=\"40\" data-lineheight=\"48px\">Engagement der Eltern<\/h1>\n<p>Die Lebendigkeit unseres Kinderhauses zeichnet sich unter anderem durch die <b>aktive Mitarbeit aller Eltern<\/b> aus. Das Engagement der Eltern setzt sich aus den folgenden Bausteinen zusammen:<\/p>\n<p><b>\u00a0<\/b><\/p>\n<p><b>Eltern\u00e4mter <\/b><\/p>\n<p>Alle Eltern \u00fcbernehmen ein <b>festes Elternamt<\/b>. Die Eltern\u00e4mter werden j\u00e4hrlich neu vergeben, wobei es je nach Bedarf Anpassungen an Inhalten und Besetzung gibt. Hier ein paar exemplarische Beispiele:<\/p>\n<ul>\n<li><b>N\u00e4h- und Bastelamt<\/b> (1 Familie)<\/li>\n<\/ul>\n<p style=\"padding-left: 40px;\"><u>Aufgabenbereich<\/u><span style=\"color: var(--awb-text-color); font-family: var(--awb-text-font-family); font-size: var(--awb-font-size); font-style: var(--awb-text-font-style); font-weight: var(--awb-text-font-weight); letter-spacing: var(--awb-letter-spacing); text-align: var(--awb-content-alignment); text-transform: var(--awb-text-transform); background-color: var(--awb-bg-color-medium-hover);\">: Ausbesserungsarbeiten an diversen Textilien, wie z. B. Hand- und K\u00fcchent\u00fcchern, Bettw\u00e4sche, Kissen. N\u00e4hen von Rohlingen f\u00fcr Nikolausstiefel, Verzieren der Osterk\u00f6rbchen, N\u00e4hen von Vorh\u00e4ngen etc.<\/span><\/p>\n<ul>\n<li><b>Spielzeughygiene <\/b>(5 Familien)<\/li>\n<\/ul>\n<p style=\"padding-left: 40px;\"><u>Aufgabenbereich<\/u>: regelm\u00e4\u00dfiges Saubermachen aller Spielsachen in den jeweiligen Gruppenr\u00e4umen und Spieleecken, z.B. Spielsachen feucht abwischen, Regale abstauben, etc.<\/p>\n<p><b>\u00a0<\/b><\/p>\n<p><b>Mithilfe bei Festen &amp; Veranstaltungen <\/b><\/p>\n<p>Alle Feste werden gemeinsam veranstaltet. Neben der Zusammenstellung des Buffets beteiligen sich die Eltern beim Auf-\/Abbau sowie bei der Gestaltung des Programms.<\/p>\n<p><b>\u00a0<\/b><\/p>\n<p><b>Teilnahme an Mitgliederversammlungen <\/b><\/p>\n<p>Mitgliederversammlungen finden zwei Mal im Jahr und bei Bedarf zus\u00e4tzlich statt. Hier wird unter anderem der Vorstand gew\u00e4hlt und \u00fcber Satzungs\u00e4nderungen, den Vereinshaushalt und \u00c4nderungen der Beitragsh\u00f6he entschieden. Die Mitgliederversammlungen geben somit allen Eltern Raum zur Mitsprache und Mitwirkung. Um diese Optionen wahrnehmen zu k\u00f6nnen, ist die <b>Teilnahme an der Versammlung f\u00fcr alle Familien verbindlich<\/b>.<\/p>\n<p><b>\u00a0<\/b><\/p>\n<p><b>Putz- &amp; Gartentage (alle 3 Monate) <\/b><\/p>\n<p>Einmal pro Quartal findet der gemeinsame Putz- und Gartentag statt, bei dem alle Eltern gemeinsam den Garten auf Vordermann bringen, sowie im Kinderhaus putzen. Die Putz- &amp; Gartentage finden an einem Samstag statt und sind f\u00fcr 2 Stunden anberaumt. Die Teilnahme ist f\u00fcr alle Familien verpflichtend.<\/p>\n<p><b>\u00a0<\/b><\/p>\n<p><b>Weitere Aufgaben der Elternschaft: <\/b><\/p>\n<p><u>Winterdienst<\/u>: Schnee schippen vor dem Kinderhaus, im Hof und Garten. Wetterabh\u00e4ngig, ca. 3 potentielle Eins\u00e4tze pro Jahr<\/p>\n<p><u>Elterndienst<\/u>: am ersten Mittwoch im Monat findet ab 15 Uhr die Gro\u00dfe Sitzung statt. In diesem Zeitraum unterst\u00fctzen die Eltern beim Beaufsichtigen der Kinder. Ca. 2 Eins\u00e4tze pro Jahr, unter 3-j\u00e4hrige Kinder m\u00fcssen um 15 Uhr abgeholt werden. Am dritten Mittwoch im Monat finden Kleinteamsitzungen statt und das restliche Team wird ebenfalls durch einen Elterndienst unterst\u00fctzt<\/p>\n<p><u>Spontane Unterst\u00fctzung bei Personalengp\u00e4ssen<\/u>: nach Bedarf<\/p>\n<\/div><\/div><\/div><\/div><\/div><div class=\"fusion-fullwidth fullwidth-box fusion-builder-row-3 fusion-flex-container has-pattern-background has-mask-background nonhundred-percent-fullwidth non-hundred-percent-height-scrolling\" style=\"--awb-border-radius-top-left:0px;--awb-border-radius-top-right:0px;--awb-border-radius-bottom-right:0px;--awb-border-radius-bottom-left:0px;--awb-flex-wrap:wrap;\" ><div class=\"fusion-builder-row fusion-row fusion-flex-align-items-flex-start fusion-flex-content-wrap\" style=\"max-width:1470px;margin-left: calc(-5% \/ 2 );margin-right: calc(-5% \/ 2 );\"><div class=\"fusion-layout-column fusion_builder_column fusion-builder-column-2 fusion_builder_column_1_1 1_1 fusion-flex-column\" style=\"--awb-bg-size:cover;--awb-width-large:100%;--awb-margin-top-large:0px;--awb-spacing-right-large:2.375%;--awb-margin-bottom-large:20px;--awb-spacing-left-large:2.375%;--awb-width-medium:100%;--awb-order-medium:0;--awb-spacing-right-medium:2.375%;--awb-spacing-left-medium:2.375%;--awb-width-small:100%;--awb-order-small:0;--awb-spacing-right-small:2.375%;--awb-spacing-left-small:2.375%;\"><div class=\"fusion-column-wrapper fusion-column-has-shadow fusion-flex-justify-content-flex-start fusion-content-layout-column\"><div class=\"fusion-text fusion-text-4\"><div class=\"page-header\">\n<h2 class=\"fusion-responsive-typography-calculated\" style=\"--fontsize: 36; line-height: 1.2;\" data-fontsize=\"36\" data-lineheight=\"43.2px\">Spenden<\/h2>\n<\/div>\n<div class=\"icons\">\n<div class=\"btn-group pull-right\">\n<p>Als <b>gemeinn\u00fctziger Verein<\/b> <b>nehmen wir Spenden entgegen<\/b>. Die Spenden nutzen wir f\u00fcr Anschaffungen, die allen Kindern zugutekommen.<\/p>\n<p>Ab 100\u20ac k\u00f6nnen wir eine Spendenquittung ausstellen.<\/p>\n<p>Spenden nehmen wir auf folgendes Konto entgegen:<\/p>\n<p><b>\u00a0<\/b><\/p>\n<p><b>Bankverbindung<\/b>:<\/p>\n<p>Montessori Kinderhaus Bilk e.V.<\/p>\n<p>Stadtsparkasse D\u00fcsseldorf<\/p>\n<p>BIC: DE23 3005 0110 1007 8319 34<\/p>\n<p>HIC: DUSSDEDDXXX<\/p>\n<\/div>\n<\/div>\n<div><\/div>\n<\/div><div class=\"fusion-text fusion-text-5\"><\/div><div class=\"fusion-text fusion-text-6\"><p>Oder via Paypal:<\/p>\n<\/div><div class=\"fusion-image-element \" style=\"--awb-caption-title-font-family:var(--h2_typography-font-family);--awb-caption-title-font-weight:var(--h2_typography-font-weight);--awb-caption-title-font-style:var(--h2_typography-font-style);--awb-caption-title-size:var(--h2_typography-font-size);--awb-caption-title-transform:var(--h2_typography-text-transform);--awb-caption-title-line-height:var(--h2_typography-line-height);--awb-caption-title-letter-spacing:var(--h2_typography-letter-spacing);\"><span class=\" fusion-imageframe imageframe-none imageframe-1 hover-type-none\"><a class=\"fusion-no-lightbox\" href=\"https:\/\/www.paypal.com\/donate?hosted_button_id=RDPJRZ43BZU94\" target=\"_self\" aria-label=\"QR-Code_Spende Kinderhaus Bilk\"><img decoding=\"async\" width=\"128\" height=\"128\" alt=\"Paypal QR Code\" src=\"data:image\/svg+xml,%3Csvg%20xmlns%3D%27http%3A%2F%2Fwww.w3.org%2F2000%2Fsvg%27%20width%3D%27128%27%20height%3D%27128%27%20viewBox%3D%270%200%20128%20128%27%3E%3Crect%20width%3D%27128%27%20height%3D%27128%27%20fill-opacity%3D%220%22%2F%3E%3C%2Fsvg%3E\" data-orig-src=\"https:\/\/kinderhaus-bilk.de\/wp-content\/uploads\/2024\/07\/QR-Code_Spende-Kinderhaus-Bilk.png\" class=\"lazyload img-responsive wp-image-2866\"\/><\/a><\/span><\/div><\/div><\/div><\/div><\/div><\/p>\n","protected":false},"excerpt":{"rendered":"","protected":false},"author":4,"featured_media":0,"parent":0,"menu_order":0,"comment_status":"closed","ping_status":"closed","template":"","meta":{"content-type":"","footnotes":""},"class_list":["post-2374","page","type-page","status-publish","hentry"],"_links":{"self":[{"href":"https:\/\/kinderhaus-bilk.de\/index.php?rest_route=\/wp\/v2\/pages\/2374","targetHints":{"allow":["GET"]}}],"collection":[{"href":"https:\/\/kinderhaus-bilk.de\/index.php?rest_route=\/wp\/v2\/pages"}],"about":[{"href":"https:\/\/kinderhaus-bilk.de\/index.php?rest_route=\/wp\/v2\/types\/page"}],"author":[{"embeddable":true,"href":"https:\/\/kinderhaus-bilk.de\/index.php?rest_route=\/wp\/v2\/users\/4"}],"replies":[{"embeddable":true,"href":"https:\/\/kinderhaus-bilk.de\/index.php?rest_route=%2Fwp%2Fv2%2Fcomments&post=2374"}],"version-history":[{"count":33,"href":"https:\/\/kinderhaus-bilk.de\/index.php?rest_route=\/wp\/v2\/pages\/2374\/revisions"}],"predecessor-version":[{"id":2930,"href":"https:\/\/kinderhaus-bilk.de\/index.php?rest_route=\/wp\/v2\/pages\/2374\/revisions\/2930"}],"wp:attachment":[{"href":"https:\/\/kinderhaus-bilk.de\/index.php?rest_route=%2Fwp%2Fv2%2Fmedia&parent=2374"}],"curies":[{"name":"wp","href":"https:\/\/api.w.org\/{rel}","templated":true}]}}